{"id":959,"date":"2025-09-26T15:19:28","date_gmt":"2025-09-26T13:19:28","guid":{"rendered":"https:\/\/aslabsci.com\/praca\/"},"modified":"2025-10-14T08:27:45","modified_gmt":"2025-10-14T06:27:45","slug":"praca","status":"publish","type":"page","link":"https:\/\/aslabsci.com\/en\/praca\/","title":{"rendered":"Praca"},"content":{"rendered":"<h3 data-start=\"141\" data-end=\"178\"><\/h3>\n<h3 data-start=\"141\" data-end=\"178\">Do\u0142\u0105cz do zespo\u0142u ASLAB Science<\/h3>\n<p data-start=\"179\" data-end=\"443\"><strong data-start=\"179\" data-end=\"207\">Ludzie, Nauka, Innowacje<\/strong> \u2013 to trzy filary, na kt\u00f3rych budujemy nasz\u0105 firm\u0119. W ASLAB Science wierzymy, \u017ce to w\u0142a\u015bnie ludzie s\u0105 \u017ar\u00f3d\u0142em najwi\u0119kszej si\u0142y i przewagi. Dlatego stawiamy na osoby z pasj\u0105, otwarte na rozw\u00f3j i ch\u0119tne do poszukiwania nowych rozwi\u0105za\u0144.  <\/p>\n<p data-start=\"445\" data-end=\"638\">Ka\u017cdego dnia \u0142\u0105czymy wiedz\u0119 akademick\u0105 z praktyk\u0105 przemys\u0142ow\u0105. Nasz zesp\u00f3\u0142 tworz\u0105 do\u015bwiadczeni naukowcy, in\u017cynierowie i specjali\u015bci, kt\u00f3rzy wsp\u00f3lnie realizuj\u0105 projekty w takich obszarach jak: <\/p>\n<ul data-start=\"639\" data-end=\"779\">\n<li data-start=\"639\" data-end=\"682\">\n<p data-start=\"641\" data-end=\"682\">rozw\u00f3j nowych postaci farmaceutycznych,<\/p>\n<\/li>\n<li data-start=\"683\" data-end=\"720\">\n<p data-start=\"685\" data-end=\"720\">zaawansowane badania analityczne,<\/p>\n<\/li>\n<li data-start=\"721\" data-end=\"740\">\n<p data-start=\"723\" data-end=\"740\">biotechnologia,<\/p>\n<\/li>\n<li data-start=\"741\" data-end=\"779\">\n<p data-start=\"743\" data-end=\"779\">transfer technologii do przemys\u0142u.<\/p>\n<\/li>\n<\/ul>\n<p data-start=\"781\" data-end=\"989\">Je\u015bli cenisz prac\u0119 w interdyscyplinarnym \u015brodowisku, chcesz uczestniczy\u0107 w projektach o du\u017cym znaczeniu praktycznym i mie\u0107 realny wp\u0142yw na przysz\u0142o\u015b\u0107 farmacji oraz biotechnologii \u2013 zapraszamy do wsp\u00f3\u0142pracy.<\/p>\n<p data-start=\"991\" data-end=\"1020\">W ASLAB Science znajdziesz:<\/p>\n<ul data-start=\"1021\" data-end=\"1257\">\n<li data-start=\"1021\" data-end=\"1065\">\n<p data-start=\"1023\" data-end=\"1065\">inspiruj\u0105ce projekty i ambitne wyzwania,<\/p>\n<\/li>\n<li data-start=\"1066\" data-end=\"1126\">\n<p data-start=\"1068\" data-end=\"1126\">mo\u017cliwo\u015b\u0107 rozwoju w dynamicznie rozwijaj\u0105cej si\u0119 firmie,<\/p>\n<\/li>\n<li data-start=\"1127\" data-end=\"1202\">\n<p data-start=\"1129\" data-end=\"1202\">przyjazn\u0105 atmosfer\u0119 pracy, w kt\u00f3rej liczy si\u0119 wsp\u00f3\u0142praca i kreatywno\u015b\u0107,<\/p>\n<\/li>\n<li data-start=\"1203\" data-end=\"1257\">\n<p data-start=\"1205\" data-end=\"1257\">realny wp\u0142yw na tworzenie innowacyjnych rozwi\u0105za\u0144.<\/p>\n<\/li>\n<\/ul>\n<p data-start=\"1259\" data-end=\"1423\">\ud83d\udc49 Je\u015bli chcesz by\u0107 cz\u0119\u015bci\u0105 naszego zespo\u0142u, wy\u015blij swoje CV na adres office@aslabsci.com i opowiedz nam, co Ci\u0119 motywuje. By\u0107 mo\u017ce to w\u0142a\u015bnie z Tob\u0105 stworzymy kolejne prze\u0142omowe rozwi\u0105zania. <\/p>\n<p data-start=\"1259\" data-end=\"1423\">\n","protected":false},"excerpt":{"rendered":"<p>Do\u0142\u0105cz do zespo\u0142u ASLAB Science Ludzie, Nauka, Innowacje \u2013 to trzy filary, na kt\u00f3rych budujemy nasz\u0105 firm\u0119. W ASLAB Science wierzymy, \u017ce to w\u0142a\u015bnie ludzie s\u0105 \u017ar\u00f3d\u0142em najwi\u0119kszej si\u0142y i przewagi. Dlatego stawiamy na osoby z pasj\u0105, otwarte na rozw\u00f3j i ch\u0119tne do poszukiwania nowych rozwi\u0105za\u0144. Ka\u017cdego dnia \u0142\u0105czymy wiedz\u0119 akademick\u0105 z praktyk\u0105 przemys\u0142ow\u0105. Nasz [&hellip;]<\/p>\n","protected":false},"author":2,"featured_media":0,"parent":0,"menu_order":0,"comment_status":"closed","ping_status":"closed","template":"templates\/contact.php","meta":{"_acf_changed":false,"inline_featured_image":false,"footnotes":""},"class_list":["post-959","page","type-page","status-publish","hentry"],"acf":[],"_links":{"self":[{"href":"https:\/\/aslabsci.com\/en\/wp-json\/wp\/v2\/pages\/959","targetHints":{"allow":["GET"]}}],"collection":[{"href":"https:\/\/aslabsci.com\/en\/wp-json\/wp\/v2\/pages"}],"about":[{"href":"https:\/\/aslabsci.com\/en\/wp-json\/wp\/v2\/types\/page"}],"author":[{"embeddable":true,"href":"https:\/\/aslabsci.com\/en\/wp-json\/wp\/v2\/users\/2"}],"replies":[{"embeddable":true,"href":"https:\/\/aslabsci.com\/en\/wp-json\/wp\/v2\/comments?post=959"}],"version-history":[{"count":1,"href":"https:\/\/aslabsci.com\/en\/wp-json\/wp\/v2\/pages\/959\/revisions"}],"predecessor-version":[{"id":977,"href":"https:\/\/aslabsci.com\/en\/wp-json\/wp\/v2\/pages\/959\/revisions\/977"}],"wp:attachment":[{"href":"https:\/\/aslabsci.com\/en\/wp-json\/wp\/v2\/media?parent=959"}],"curies":[{"name":"wp","href":"https:\/\/api.w.org\/{rel}","templated":true}]}}